{"id":9,"date":"2025-01-02T18:44:29","date_gmt":"2025-01-02T18:44:29","guid":{"rendered":"http:\/\/multipower.pro\/?page_id=9"},"modified":"2025-01-02T19:57:01","modified_gmt":"2025-01-02T19:57:01","slug":"multipower-pro","status":"publish","type":"page","link":"http:\/\/multipower.pro\/index.php\/multipower-pro\/","title":{"rendered":"MULTIPOWER.PRO"},"content":{"rendered":"\n<div class=\"wp-block-group alignfull has-background-background-color has-background has-global-padding is-layout-constrained wp-container-core-group-is-layout-086d8b20 wp-block-group-is-layout-constrained\" style=\"border-top-width:1px;padding-top:var(--wp--preset--spacing--60);padding-right:var(--wp--preset--spacing--40);padding-bottom:var(--wp--preset--spacing--60);padding-left:var(--wp--preset--spacing--40)\">\n<div class=\"wp-block-group alignfull has-global-padding is-content-justification-center is-layout-constrained wp-container-core-group-is-layout-ed7f167d wp-block-group-is-layout-constrained\" style=\"margin-bottom:var(--wp--preset--spacing--50);padding-right:var(--wp--preset--spacing--40);padding-left:var(--wp--preset--spacing--40)\">\n<h2 class=\"wp-block-heading has-text-align-center\">Odkryj nasze rozwi\u0105zania techniczne.<\/h2>\n\n\n\n<p class=\"has-text-align-center\" style=\"margin-top:16px\">Ta sekcja podkre\u015bla r\u00f3\u017cnorodno\u015b\u0107 da\u0144 w naszym menu.<\/p>\n<\/div>\n\n\n\n<div class=\"wp-block-columns alignwide is-layout-flex wp-container-core-columns-is-layout-643ced6b wp-block-columns-is-layout-flex\">\n<div class=\"wp-block-column is-layout-flow wp-block-column-is-layout-flow\">\n<div class=\"wp-block-columns are-vertically-aligned-center is-not-stacked-on-mobile is-layout-flex wp-container-core-columns-is-layout-28f84493 wp-block-columns-is-layout-flex\">\n<div class=\"wp-block-column is-vertically-aligned-center is-layout-flow wp-block-column-is-layout-flow\" style=\"flex-basis:27%\">\n<figure class=\"wp-block-image ext-aspect-landscape is-style-rounded\"><img loading=\"lazy\" decoding=\"async\" width=\"1280\" height=\"1920\" class=\"wp-image-13\" src=\"http:\/\/multipower.pro\/wp-content\/uploads\/2025\/01\/f29d72fb79086e487333786ff741ee9cc215c4e4.jpg\" alt=\"\" style=\"aspect-ratio:1;object-fit:cover\" srcset=\"http:\/\/multipower.pro\/wp-content\/uploads\/2025\/01\/f29d72fb79086e487333786ff741ee9cc215c4e4.jpg 1280w, http:\/\/multipower.pro\/wp-content\/uploads\/2025\/01\/f29d72fb79086e487333786ff741ee9cc215c4e4-200x300.jpg 200w, http:\/\/multipower.pro\/wp-content\/uploads\/2025\/01\/f29d72fb79086e487333786ff741ee9cc215c4e4-683x1024.jpg 683w, http:\/\/multipower.pro\/wp-content\/uploads\/2025\/01\/f29d72fb79086e487333786ff741ee9cc215c4e4-768x1152.jpg 768w, http:\/\/multipower.pro\/wp-content\/uploads\/2025\/01\/f29d72fb79086e487333786ff741ee9cc215c4e4-1024x1536.jpg 1024w\" sizes=\"auto, (max-width: 1280px) 100vw, 1280px\" \/><\/figure>\n<\/div>\n\n\n\n<div class=\"wp-block-column is-vertically-aligned-center is-layout-flow wp-block-column-is-layout-flow\" style=\"flex-basis:66.66%\">\n<div class=\"wp-block-group is-content-justification-space-between is-nowrap is-layout-flex wp-container-core-group-is-layout-cb46ffcb wp-block-group-is-layout-flex\">\n<h3 class=\"wp-block-heading\" style=\"font-size:clamp(14px, 0.875rem + ((1vw - 3.2px) * 0.625), 20px);line-height:1.5\">Produkt jeden.<\/h3>\n\n\n\n<h3 class=\"wp-block-heading\" style=\"font-size:clamp(14px, 0.875rem + ((1vw - 3.2px) * 0.625), 20px);line-height:1.5\">9,99 USD<\/h3>\n<\/div>\n\n\n\n<p class=\"has-small-font-size\" style=\"margin-top:12px\">Ten produkt zosta\u0142 zaprojektowany z najwy\u017cszej jako\u015bci funkcjami dla maksymalnej wydajno\u015bci.<\/p>\n<\/div>\n<\/div>\n<\/div>\n\n\n\n<div class=\"wp-block-column is-layout-flow wp-block-column-is-layout-flow\">\n<div class=\"wp-block-columns are-vertically-aligned-center is-not-stacked-on-mobile is-layout-flex wp-container-core-columns-is-layout-28f84493 wp-block-columns-is-layout-flex\">\n<div class=\"wp-block-column is-vertically-aligned-center is-layout-flow wp-block-column-is-layout-flow\" style=\"flex-basis:27%\">\n<figure class=\"wp-block-image ext-aspect-landscape is-style-rounded\"><img loading=\"lazy\" decoding=\"async\" width=\"1280\" height=\"1920\" class=\"wp-image-14\" src=\"http:\/\/multipower.pro\/wp-content\/uploads\/2025\/01\/55d1afdc7c648db3db1bd1e08c7cf52c172e36b6.jpg\" alt=\"\" style=\"aspect-ratio:1;object-fit:cover\" srcset=\"http:\/\/multipower.pro\/wp-content\/uploads\/2025\/01\/55d1afdc7c648db3db1bd1e08c7cf52c172e36b6.jpg 1280w, http:\/\/multipower.pro\/wp-content\/uploads\/2025\/01\/55d1afdc7c648db3db1bd1e08c7cf52c172e36b6-200x300.jpg 200w, http:\/\/multipower.pro\/wp-content\/uploads\/2025\/01\/55d1afdc7c648db3db1bd1e08c7cf52c172e36b6-683x1024.jpg 683w, http:\/\/multipower.pro\/wp-content\/uploads\/2025\/01\/55d1afdc7c648db3db1bd1e08c7cf52c172e36b6-768x1152.jpg 768w, http:\/\/multipower.pro\/wp-content\/uploads\/2025\/01\/55d1afdc7c648db3db1bd1e08c7cf52c172e36b6-1024x1536.jpg 1024w\" sizes=\"auto, (max-width: 1280px) 100vw, 1280px\" \/><\/figure>\n<\/div>\n\n\n\n<div class=\"wp-block-column is-vertically-aligned-center is-layout-flow wp-block-column-is-layout-flow\" style=\"flex-basis:66.66%\">\n<div class=\"wp-block-group is-content-justification-space-between is-nowrap is-layout-flex wp-container-core-group-is-layout-cb46ffcb wp-block-group-is-layout-flex\">\n<h3 class=\"wp-block-heading\" style=\"font-size:clamp(14px, 0.875rem + ((1vw - 3.2px) * 0.625), 20px);line-height:1.5\">Produkt Dwa<\/h3>\n\n\n\n<h3 class=\"wp-block-heading\" style=\"font-size:clamp(14px, 0.875rem + ((1vw - 3.2px) * 0.625), 20px);line-height:1.5\">19,99 USD<\/h3>\n<\/div>\n\n\n\n<p class=\"has-small-font-size\" style=\"margin-top:12px\">Ta sekcja podkre\u015bla unikalne cechy naszego wyboru produkt\u00f3w.<\/p>\n<\/div>\n<\/div>\n<\/div>\n<\/div>\n\n\n\n<div class=\"wp-block-columns alignwide is-layout-flex wp-container-core-columns-is-layout-643ced6b wp-block-columns-is-layout-flex\">\n<div class=\"wp-block-column is-layout-flow wp-block-column-is-layout-flow\">\n<div class=\"wp-block-columns are-vertically-aligned-center is-not-stacked-on-mobile is-layout-flex wp-container-core-columns-is-layout-28f84493 wp-block-columns-is-layout-flex\">\n<div class=\"wp-block-column is-vertically-aligned-center is-layout-flow wp-block-column-is-layout-flow\" style=\"flex-basis:27%\">\n<figure class=\"wp-block-image ext-aspect-landscape is-style-rounded\"><img loading=\"lazy\" decoding=\"async\" width=\"1280\" height=\"800\" class=\"wp-image-15\" src=\"http:\/\/multipower.pro\/wp-content\/uploads\/2025\/01\/ee54b457b069f8ef2b88d56694afb9534154f622.jpg\" alt=\"\" style=\"aspect-ratio:1;object-fit:cover\" srcset=\"http:\/\/multipower.pro\/wp-content\/uploads\/2025\/01\/ee54b457b069f8ef2b88d56694afb9534154f622.jpg 1280w, http:\/\/multipower.pro\/wp-content\/uploads\/2025\/01\/ee54b457b069f8ef2b88d56694afb9534154f622-300x188.jpg 300w, http:\/\/multipower.pro\/wp-content\/uploads\/2025\/01\/ee54b457b069f8ef2b88d56694afb9534154f622-1024x640.jpg 1024w, http:\/\/multipower.pro\/wp-content\/uploads\/2025\/01\/ee54b457b069f8ef2b88d56694afb9534154f622-768x480.jpg 768w\" sizes=\"auto, (max-width: 1280px) 100vw, 1280px\" \/><\/figure>\n<\/div>\n\n\n\n<div class=\"wp-block-column is-vertically-aligned-center is-layout-flow wp-block-column-is-layout-flow\" style=\"flex-basis:66.66%\">\n<div class=\"wp-block-group is-content-justification-space-between is-nowrap is-layout-flex wp-container-core-group-is-layout-cb46ffcb wp-block-group-is-layout-flex\">\n<h3 class=\"wp-block-heading\" style=\"font-size:clamp(14px, 0.875rem + ((1vw - 3.2px) * 0.625), 20px);line-height:1.5\">Produkt Trzy<\/h3>\n\n\n\n<h3 class=\"wp-block-heading\" style=\"font-size:clamp(14px, 0.875rem + ((1vw - 3.2px) * 0.625), 20px);line-height:1.5\">29,99 USD<\/h3>\n<\/div>\n\n\n\n<p class=\"has-small-font-size\" style=\"margin-top:12px\">Ta sekcja prezentuje nasze produkty z naciskiem na innowacj\u0119.<\/p>\n<\/div>\n<\/div>\n<\/div>\n\n\n\n<div class=\"wp-block-column is-layout-flow wp-block-column-is-layout-flow\">\n<div class=\"wp-block-columns are-vertically-aligned-center is-not-stacked-on-mobile is-layout-flex wp-container-core-columns-is-layout-28f84493 wp-block-columns-is-layout-flex\">\n<div class=\"wp-block-column is-vertically-aligned-center is-layout-flow wp-block-column-is-layout-flow\" style=\"flex-basis:27%\">\n<figure class=\"wp-block-image ext-aspect-landscape is-style-rounded\"><img loading=\"lazy\" decoding=\"async\" width=\"1280\" height=\"853\" class=\"wp-image-16\" src=\"http:\/\/multipower.pro\/wp-content\/uploads\/2025\/01\/327f885f80039bbd62883b32ee4bdee673cefcac.jpg\" alt=\"\" style=\"aspect-ratio:1;object-fit:cover\" srcset=\"http:\/\/multipower.pro\/wp-content\/uploads\/2025\/01\/327f885f80039bbd62883b32ee4bdee673cefcac.jpg 1280w, http:\/\/multipower.pro\/wp-content\/uploads\/2025\/01\/327f885f80039bbd62883b32ee4bdee673cefcac-300x200.jpg 300w, http:\/\/multipower.pro\/wp-content\/uploads\/2025\/01\/327f885f80039bbd62883b32ee4bdee673cefcac-1024x682.jpg 1024w, http:\/\/multipower.pro\/wp-content\/uploads\/2025\/01\/327f885f80039bbd62883b32ee4bdee673cefcac-768x512.jpg 768w\" sizes=\"auto, (max-width: 1280px) 100vw, 1280px\" \/><\/figure>\n<\/div>\n\n\n\n<div class=\"wp-block-column is-vertically-aligned-center is-layout-flow wp-block-column-is-layout-flow\" style=\"flex-basis:66.66%\">\n<div class=\"wp-block-group is-content-justification-space-between is-nowrap is-layout-flex wp-container-core-group-is-layout-cb46ffcb wp-block-group-is-layout-flex\">\n<h3 class=\"wp-block-heading\" style=\"font-size:clamp(14px, 0.875rem + ((1vw - 3.2px) * 0.625), 20px);line-height:1.5\">Produkt Cztery<\/h3>\n\n\n\n<h3 class=\"wp-block-heading\" style=\"font-size:clamp(14px, 0.875rem + ((1vw - 3.2px) * 0.625), 20px);line-height:1.5\">39,99 USD<\/h3>\n<\/div>\n\n\n\n<p class=\"has-small-font-size\" style=\"margin-top:12px\">Ten fragment opisuje warto\u015b\u0107 i korzy\u015bci z naszej gamy produkt\u00f3w.<\/p>\n<\/div>\n<\/div>\n<\/div>\n<\/div>\n\n\n\n<div class=\"wp-block-columns alignwide is-layout-flex wp-container-core-columns-is-layout-643ced6b wp-block-columns-is-layout-flex\">\n<div class=\"wp-block-column is-layout-flow wp-block-column-is-layout-flow\">\n<div class=\"wp-block-columns are-vertically-aligned-center is-not-stacked-on-mobile is-layout-flex wp-container-core-columns-is-layout-28f84493 wp-block-columns-is-layout-flex\">\n<div class=\"wp-block-column is-vertically-aligned-center is-layout-flow wp-block-column-is-layout-flow\" style=\"flex-basis:27%\">\n<figure class=\"wp-block-image ext-aspect-landscape is-style-rounded\"><img loading=\"lazy\" decoding=\"async\" width=\"1280\" height=\"720\" class=\"wp-image-17\" src=\"http:\/\/multipower.pro\/wp-content\/uploads\/2025\/01\/1cdfc4375fd7f90d5153d26188abd2c2fec95059.jpg\" alt=\"\" style=\"aspect-ratio:1;object-fit:cover\" srcset=\"http:\/\/multipower.pro\/wp-content\/uploads\/2025\/01\/1cdfc4375fd7f90d5153d26188abd2c2fec95059.jpg 1280w, http:\/\/multipower.pro\/wp-content\/uploads\/2025\/01\/1cdfc4375fd7f90d5153d26188abd2c2fec95059-300x169.jpg 300w, http:\/\/multipower.pro\/wp-content\/uploads\/2025\/01\/1cdfc4375fd7f90d5153d26188abd2c2fec95059-1024x576.jpg 1024w, http:\/\/multipower.pro\/wp-content\/uploads\/2025\/01\/1cdfc4375fd7f90d5153d26188abd2c2fec95059-768x432.jpg 768w\" sizes=\"auto, (max-width: 1280px) 100vw, 1280px\" \/><\/figure>\n<\/div>\n\n\n\n<div class=\"wp-block-column is-vertically-aligned-center is-layout-flow wp-block-column-is-layout-flow\" style=\"flex-basis:66.66%\">\n<div class=\"wp-block-group is-content-justification-space-between is-nowrap is-layout-flex wp-container-core-group-is-layout-cb46ffcb wp-block-group-is-layout-flex\">\n<h3 class=\"wp-block-heading\" style=\"font-size:clamp(14px, 0.875rem + ((1vw - 3.2px) * 0.625), 20px);line-height:1.5\">Produkt Dwa<\/h3>\n\n\n\n<h3 class=\"wp-block-heading\" style=\"font-size:clamp(14px, 0.875rem + ((1vw - 3.2px) * 0.625), 20px);line-height:1.5\">19,99 USD<\/h3>\n<\/div>\n\n\n\n<p class=\"has-small-font-size\" style=\"margin-top:12px\">Ta sekcja podkre\u015bla unikalne cechy naszego wyboru produkt\u00f3w.<\/p>\n<\/div>\n<\/div>\n<\/div>\n\n\n\n<div class=\"wp-block-column is-layout-flow wp-block-column-is-layout-flow\">\n<div class=\"wp-block-columns are-vertically-aligned-center is-not-stacked-on-mobile is-layout-flex wp-container-core-columns-is-layout-28f84493 wp-block-columns-is-layout-flex\">\n<div class=\"wp-block-column is-vertically-aligned-center is-layout-flow wp-block-column-is-layout-flow\" style=\"flex-basis:27%\">\n<figure class=\"wp-block-image ext-aspect-landscape is-style-rounded\"><img loading=\"lazy\" decoding=\"async\" width=\"1280\" height=\"800\" class=\"wp-image-18\" src=\"http:\/\/multipower.pro\/wp-content\/uploads\/2025\/01\/a6257e4c66292d3209f8d03104aefb8d9ede7fba.jpg\" alt=\"\" style=\"aspect-ratio:1;object-fit:cover\" srcset=\"http:\/\/multipower.pro\/wp-content\/uploads\/2025\/01\/a6257e4c66292d3209f8d03104aefb8d9ede7fba.jpg 1280w, http:\/\/multipower.pro\/wp-content\/uploads\/2025\/01\/a6257e4c66292d3209f8d03104aefb8d9ede7fba-300x188.jpg 300w, http:\/\/multipower.pro\/wp-content\/uploads\/2025\/01\/a6257e4c66292d3209f8d03104aefb8d9ede7fba-1024x640.jpg 1024w, http:\/\/multipower.pro\/wp-content\/uploads\/2025\/01\/a6257e4c66292d3209f8d03104aefb8d9ede7fba-768x480.jpg 768w\" sizes=\"auto, (max-width: 1280px) 100vw, 1280px\" \/><\/figure>\n<\/div>\n\n\n\n<div class=\"wp-block-column is-vertically-aligned-center is-layout-flow wp-block-column-is-layout-flow\" style=\"flex-basis:66.66%\">\n<div class=\"wp-block-group is-content-justification-space-between is-nowrap is-layout-flex wp-container-core-group-is-layout-cb46ffcb wp-block-group-is-layout-flex\">\n<h3 class=\"wp-block-heading\" style=\"font-size:clamp(14px, 0.875rem + ((1vw - 3.2px) * 0.625), 20px);line-height:1.5\">Produkt Trzy<\/h3>\n\n\n\n<h3 class=\"wp-block-heading\" style=\"font-size:clamp(14px, 0.875rem + ((1vw - 3.2px) * 0.625), 20px);line-height:1.5\">9,99 USD<\/h3>\n<\/div>\n\n\n\n<p class=\"has-small-font-size\" style=\"margin-top:12px\">Ten produkt zosta\u0142 zaprojektowany z najwy\u017cszej jako\u015bci funkcjami dla maksymalnej wydajno\u015bci.<\/p>\n<\/div>\n<\/div>\n<\/div>\n<\/div>\n<\/div>\n","protected":false},"excerpt":{"rendered":"<p>Odkryj nasze rozwi\u0105zania techniczne. Ta sekcja podkre\u015bla r\u00f3\u017cnorodno\u015b\u0107 da\u0144 w naszym menu. Produkt jeden. 9,99 USD Ten produkt zosta\u0142 zaprojektowany z najwy\u017cszej jako\u015bci funkcjami dla maksymalnej wydajno\u015bci. Produkt Dwa 19,99 USD Ta sekcja podkre\u015bla unikalne cechy naszego wyboru produkt\u00f3w. Produkt Trzy 29,99 USD Ta sekcja prezentuje nasze produkty z naciskiem na innowacj\u0119. Produkt Cztery 39,99 [&hellip;]<\/p>\n","protected":false},"author":1,"featured_media":0,"parent":0,"menu_order":0,"comment_status":"closed","ping_status":"closed","template":"","meta":{"footnotes":""},"class_list":["post-9","page","type-page","status-publish","hentry"],"_links":{"self":[{"href":"http:\/\/multipower.pro\/index.php\/wp-json\/wp\/v2\/pages\/9","targetHints":{"allow":["GET"]}}],"collection":[{"href":"http:\/\/multipower.pro\/index.php\/wp-json\/wp\/v2\/pages"}],"about":[{"href":"http:\/\/multipower.pro\/index.php\/wp-json\/wp\/v2\/types\/page"}],"author":[{"embeddable":true,"href":"http:\/\/multipower.pro\/index.php\/wp-json\/wp\/v2\/users\/1"}],"replies":[{"embeddable":true,"href":"http:\/\/multipower.pro\/index.php\/wp-json\/wp\/v2\/comments?post=9"}],"version-history":[{"count":2,"href":"http:\/\/multipower.pro\/index.php\/wp-json\/wp\/v2\/pages\/9\/revisions"}],"predecessor-version":[{"id":19,"href":"http:\/\/multipower.pro\/index.php\/wp-json\/wp\/v2\/pages\/9\/revisions\/19"}],"wp:attachment":[{"href":"http:\/\/multipower.pro\/index.php\/wp-json\/wp\/v2\/media?parent=9"}],"curies":[{"name":"wp","href":"https:\/\/api.w.org\/{rel}","templated":true}]}}